{"id":495,"date":"2023-11-27T19:11:50","date_gmt":"2023-11-27T19:11:50","guid":{"rendered":"https:\/\/tecnologia.usfx.bo\/ita\/?page_id=495"},"modified":"2023-11-29T20:37:55","modified_gmt":"2023-11-29T20:37:55","slug":"organizacion","status":"publish","type":"page","link":"https:\/\/tecnologia.usfx.bo\/ita\/organizacion\/","title":{"rendered":"Organizaci\u00f3n"},"content":{"rendered":"<p>[et_pb_section fb_built=\u00bb1&#8243; fullwidth=\u00bbon\u00bb _builder_version=\u00bb4.21.0&#8243; _module_preset=\u00bbdefault\u00bb custom_padding=\u00bb0px||0px||true|false\u00bb global_colors_info=\u00bb{}\u00bb][et_pb_fullwidth_image src=\u00bbhttps:\/\/tecnologia.usfx.bo\/ita\/wp-content\/uploads\/2023\/06\/franja-1.png\u00bb title_text=\u00bbfranja\u00bb _builder_version=\u00bb4.21.0&#8243; _module_preset=\u00bbdefault\u00bb global_colors_info=\u00bb{}\u00bb][\/et_pb_fullwidth_image][\/et_pb_section][et_pb_section fb_built=\u00bb1&#8243; fullwidth=\u00bbon\u00bb _builder_version=\u00bb4.22.2&#8243; _module_preset=\u00bbdefault\u00bb background_color=\u00bbRGBA(255,255,255,0)\u00bb global_colors_info=\u00bb{}\u00bb][et_pb_fullwidth_header title=\u00bbORGANIZACI\u00d3N\u00bb subhead=\u00bbInstituto de Tecnolog\u00eda de Alimentos\u00bb text_orientation=\u00bbright\u00bb background_overlay_color=\u00bbRGBA(255,255,255,0)\u00bb _builder_version=\u00bb4.22.2&#8243; _module_preset=\u00bbdefault\u00bb title_font=\u00bbRoboto|||on|||||\u00bb title_font_size=\u00bb35px\u00bb subhead_font=\u00bbRoboto||on||||||\u00bb subhead_font_size=\u00bb20px\u00bb background_enable_color=\u00bboff\u00bb use_background_color_gradient=\u00bbon\u00bb background_color_gradient_stops=\u00bb#000000 43%|#ffffff 100%\u00bb background_image=\u00bbhttps:\/\/tecnologia.usfx.bo\/ita\/wp-content\/uploads\/2023\/11\/20230821_135220.jpg\u00bb background_position=\u00bbcenter_right\u00bb background_blend=\u00bbscreen\u00bb vertical_offset=\u00bb0px\u00bb height=\u00bb50vh\u00bb title_text_shadow_style=\u00bbpreset5&#8243; global_colors_info=\u00bb{}\u00bb][\/et_pb_fullwidth_header][\/et_pb_section][et_pb_section fb_built=\u00bb1&#8243; _builder_version=\u00bb4.22.2&#8243; _module_preset=\u00bbdefault\u00bb background_color=\u00bb#FFFFFF\u00bb background_enable_image=\u00bboff\u00bb background_size=\u00bbinitial\u00bb background_position=\u00bbcenter_right\u00bb background_blend=\u00bblighten\u00bb custom_padding=\u00bb10px||20px||false|false\u00bb animation_style=\u00bbfade\u00bb global_colors_info=\u00bb{}\u00bb][et_pb_row use_custom_gutter=\u00bbon\u00bb gutter_width=\u00bb2&#8243; _builder_version=\u00bb4.22.2&#8243; _module_preset=\u00bbdefault\u00bb width=\u00bb100%\u00bb max_width=\u00bb200vh\u00bb custom_padding=\u00bb20px||30px||false|false\u00bb global_colors_info=\u00bb{}\u00bb][et_pb_column type=\u00bb4_4&#8243; _builder_version=\u00bb4.22.2&#8243; _module_preset=\u00bbdefault\u00bb global_colors_info=\u00bb{}\u00bb][et_pb_text _builder_version=\u00bb4.22.2&#8243; _module_preset=\u00bbdefault\u00bb text_font=\u00bb|300|||||||\u00bb text_font_size=\u00bb16px\u00bb ul_text_align=\u00bbjustify\u00bb ul_text_color=\u00bb#FFFFFF\u00bb header_2_font_size=\u00bb35px\u00bb custom_padding=\u00bb0px|15px|0px|15px|false|true\u00bb header_2_text_shadow_style=\u00bbpreset1&#8243; global_colors_info=\u00bb{}\u00bb]<\/p>\n<h2><span style=\"color: black;\"><strong>ORGANIZACI\u00d3N<\/strong><\/span><\/h2>\n<p style=\"text-align: justify;\"><span style=\"color: black;\">Los laboratorios del ITA realizan sus actividades de ensayo, cumpliendo los requisitos de las normas de referencia y orientados a la satisfacci\u00f3n de las necesidades de los clientes, autoridades reguladoras y de los organismos de acreditaci\u00f3n y certificaci\u00f3n.<br \/>El Sistema de Gesti\u00f3n y Calidad se aplica a las actividades de ensayo de tercera parte realizadas en instalaciones permanentes.<br \/><\/span><\/p>\n<p>[\/et_pb_text][\/et_pb_column][\/et_pb_row][et_pb_row column_structure=\u00bb3_5,2_5&#8243; use_custom_gutter=\u00bbon\u00bb gutter_width=\u00bb1&#8243; _builder_version=\u00bb4.22.2&#8243; _module_preset=\u00bbdefault\u00bb width=\u00bb100%\u00bb max_width=\u00bb200vh\u00bb hover_enabled=\u00bb0&#8243; global_colors_info=\u00bb{}\u00bb sticky_enabled=\u00bb0&#8243;][et_pb_column type=\u00bb3_5&#8243; _builder_version=\u00bb4.22.2&#8243; _module_preset=\u00bbdefault\u00bb custom_padding=\u00bb||||false|false\u00bb global_colors_info=\u00bb{}\u00bb][et_pb_text module_id=\u00bbambientes\u00bb _builder_version=\u00bb4.22.2&#8243; _module_preset=\u00bbdefault\u00bb text_font=\u00bb|300|||||||\u00bb text_font_size=\u00bb16px\u00bb ul_text_align=\u00bbjustify\u00bb ul_text_color=\u00bb#FFFFFF\u00bb header_2_font=\u00bb|700|||||||\u00bb header_2_font_size=\u00bb35px\u00bb custom_padding=\u00bb0px|15px|0px|15px|false|true\u00bb header_2_text_shadow_style=\u00bbpreset1&#8243; global_colors_info=\u00bb{}\u00bb]<\/p>\n<h2><span style=\"color: black;\">DESCRIPCI\u00d3N DE LOS AMBIENTES<br \/><\/span><\/h2>\n<p style=\"text-align: justify;\"><span style=\"color: black;\">El \u00e1mbito de aplicaci\u00f3n de la certificaci\u00f3n abarca, ensayos fisicoqu\u00edmicos y microbiol\u00f3gicos e interpretaci\u00f3n de resultados de agua potable, harina de trigo, productos de panader\u00eda y galletas; seg\u00fan requisitos de la Norma Boliviana para Agua Potable NB 512, Norma Boliviana para Harina de Trigo NB 680, Norma Boliviana para Productos Panificados NB 39007 y Norma Boliviana para Galletas NB 39008.<br \/>Se excluye del presente alcance de certificaci\u00f3n seg\u00fan requisitos de la Norma NB 39007, el ensayo fisicoqu\u00edmico de bromatos en productos de panader\u00eda.<br \/>DE LA ACREDITACI\u00d3N SEG\u00daN NORMA ISO\/IEC 17025:2017<\/span><\/p>\n<p style=\"text-align: justify;\"><span style=\"color: black;\">La aplicaci\u00f3n:<br \/>\u201cAcreditaci\u00f3n Internacional de los Laboratorios del Instituto de Tecnolog\u00eda de Alimentos, bajo Requisitos de la Norma ISO\/IEC 17025:2017 Requisitos Generales Para la Competencia de los Laboratorios de Ensayo y Calibraci\u00f3n\u201d Proyecto que culminar\u00e1 en la gesti\u00f3n 2023 ante las gestiones realizadas con la ENTIDAD MEXICANA DE ACREDITACI\u00d3N a.c. EMA DE MEXICO.<\/span><\/p>\n<p>[\/et_pb_text][\/et_pb_column][et_pb_column type=\u00bb2_5&#8243; _builder_version=\u00bb4.22.2&#8243; _module_preset=\u00bbdefault\u00bb custom_padding=\u00bb||||false|false\u00bb hover_enabled=\u00bb0&#8243; global_colors_info=\u00bb{}\u00bb sticky_enabled=\u00bb0&#8243;][et_pb_gallery gallery_ids=\u00bb447,446,445,444,448,443,442,441&#8243; fullwidth=\u00bbon\u00bb _builder_version=\u00bb4.22.2&#8243; _module_preset=\u00bbdefault\u00bb custom_padding=\u00bb|0px||0px|false|true\u00bb auto=\u00bbon\u00bb hover_enabled=\u00bb0&#8243; global_colors_info=\u00bb{}\u00bb box_shadow_style=\u00bbpreset1&#8243; sticky_enabled=\u00bb0&#8243;][\/et_pb_gallery][\/et_pb_column][\/et_pb_row][\/et_pb_section][et_pb_section fb_built=\u00bb1&#8243; fullwidth=\u00bbon\u00bb _builder_version=\u00bb4.21.0&#8243; _module_preset=\u00bbdefault\u00bb custom_padding=\u00bb0px||0px||true|false\u00bb global_colors_info=\u00bb{}\u00bb][et_pb_fullwidth_image src=\u00bbhttps:\/\/tecnologia.usfx.bo\/ita\/wp-content\/uploads\/2023\/06\/franja-1.png\u00bb title_text=\u00bbfranja\u00bb _builder_version=\u00bb4.21.0&#8243; _module_preset=\u00bbdefault\u00bb global_colors_info=\u00bb{}\u00bb][\/et_pb_fullwidth_image][\/et_pb_section]<\/p>\n","protected":false},"excerpt":{"rendered":"<p>ORGANIZACI\u00d3N Los laboratorios del ITA realizan sus actividades de ensayo, cumpliendo los requisitos de las normas de referencia y orientados a la satisfacci\u00f3n de las necesidades de los clientes, autoridades reguladoras y de los organismos de acreditaci\u00f3n y certificaci\u00f3n.El Sistema de Gesti\u00f3n y Calidad se aplica a las actividades de ensayo de tercera parte realizadas [&hellip;]<\/p>\n","protected":false},"author":1,"featured_media":0,"parent":0,"menu_order":0,"comment_status":"closed","ping_status":"closed","template":"","meta":{"_et_pb_use_builder":"on","_et_pb_old_content":"","_et_gb_content_width":"","footnotes":""},"_links":{"self":[{"href":"https:\/\/tecnologia.usfx.bo\/ita\/wp-json\/wp\/v2\/pages\/495"}],"collection":[{"href":"https:\/\/tecnologia.usfx.bo\/ita\/wp-json\/wp\/v2\/pages"}],"about":[{"href":"https:\/\/tecnologia.usfx.bo\/ita\/wp-json\/wp\/v2\/types\/page"}],"author":[{"embeddable":true,"href":"https:\/\/tecnologia.usfx.bo\/ita\/wp-json\/wp\/v2\/users\/1"}],"replies":[{"embeddable":true,"href":"https:\/\/tecnologia.usfx.bo\/ita\/wp-json\/wp\/v2\/comments?post=495"}],"version-history":[{"count":8,"href":"https:\/\/tecnologia.usfx.bo\/ita\/wp-json\/wp\/v2\/pages\/495\/revisions"}],"predecessor-version":[{"id":560,"href":"https:\/\/tecnologia.usfx.bo\/ita\/wp-json\/wp\/v2\/pages\/495\/revisions\/560"}],"wp:attachment":[{"href":"https:\/\/tecnologia.usfx.bo\/ita\/wp-json\/wp\/v2\/media?parent=495"}],"curies":[{"name":"wp","href":"https:\/\/api.w.org\/{rel}","templated":true}]}}